{"id":1115,"date":"2025-08-18T17:12:41","date_gmt":"2025-08-18T15:12:41","guid":{"rendered":"http:\/\/www.ameliewalter.com\/?page_id=1115"},"modified":"2026-01-25T11:01:58","modified_gmt":"2026-01-25T10:01:58","slug":"animation-dateliers","status":"publish","type":"page","link":"https:\/\/www.ameliewalter.com\/index.php\/animation-dateliers\/","title":{"rendered":"Animation d&rsquo;ateliers"},"content":{"rendered":"\n<div class=\"wp-block-columns is-layout-flex wp-container-core-columns-is-layout-9d6595d7 wp-block-columns-is-layout-flex\">\n<div class=\"wp-block-column is-layout-flow wp-block-column-is-layout-flow\"><\/div>\n\n\n\n<div class=\"wp-block-column is-layout-flow wp-block-column-is-layout-flow\"><\/div>\n<\/div>\n\n\n\n<p>Je propose l&rsquo;animation d&rsquo;ateliers sur l&rsquo;<strong>Art<\/strong> (initiation, dessin m\u00e9ditatif, peintures v\u00e9g\u00e9tales), la <strong>nature<\/strong> (connaissance, observation, recettes) et le <strong>bien-\u00eatre<\/strong> (r\u00e9flexologie, auto-massages, m\u00e9ditations, cercles de parole).<\/p>\n\n\n\n<p>Si vous \u00eates int\u00e9ress\u00e9s pour participer, ou pour accueillir des ateliers, rendez vous sur la page \u00ab\u00a0contact\u00a0\u00bb pour m&rsquo;expliquer votre projet et\/ou me transmettre vos coordonn\u00e9es.<\/p>\n\n\n<div class=\"wp-block-image\">\n<figure class=\"alignleft\"><img loading=\"lazy\" decoding=\"async\" width=\"768\" height=\"1024\" src=\"https:\/\/www.ameliewalter.com\/wp-content\/uploads\/2025\/08\/20250425_201609-768x1024.jpg\" alt=\"\" class=\"wp-image-1119\" srcset=\"https:\/\/www.ameliewalter.com\/wp-content\/uploads\/2025\/08\/20250425_201609-768x1024.jpg 768w, https:\/\/www.ameliewalter.com\/wp-content\/uploads\/2025\/08\/20250425_201609-225x300.jpg 225w, https:\/\/www.ameliewalter.com\/wp-content\/uploads\/2025\/08\/20250425_201609-1152x1536.jpg 1152w, https:\/\/www.ameliewalter.com\/wp-content\/uploads\/2025\/08\/20250425_201609-1536x2048.jpg 1536w, https:\/\/www.ameliewalter.com\/wp-content\/uploads\/2025\/08\/20250425_201609-scaled.jpg 1920w\" sizes=\"auto, (max-width: 768px) 100vw, 768px\" \/><\/figure>\n<\/div>\n\n\n<p><\/p>\n","protected":false},"excerpt":{"rendered":"<p>Je propose l&rsquo;animation d&rsquo;ateliers sur l&rsquo;Art (initiation, dessin m\u00e9ditatif, peintures v\u00e9g\u00e9tales), la nature (connaissance, observation, recettes) et le bien-\u00eatre (r\u00e9flexologie, auto-massages, m\u00e9ditations, cercles de parole). Si vous \u00eates int\u00e9ress\u00e9s pour &hellip; <a href=\"https:\/\/www.ameliewalter.com\/index.php\/animation-dateliers\/\" class=\"more-link\">Continuer la lecture de <span class=\"screen-reader-text\">Animation d&rsquo;ateliers<\/span><\/a><\/p>\n","protected":false},"author":1,"featured_media":0,"parent":0,"menu_order":0,"comment_status":"closed","ping_status":"closed","template":"","meta":{"footnotes":""},"class_list":["post-1115","page","type-page","status-publish","hentry"],"_links":{"self":[{"href":"https:\/\/www.ameliewalter.com\/index.php\/wp-json\/wp\/v2\/pages\/1115","targetHints":{"allow":["GET"]}}],"collection":[{"href":"https:\/\/www.ameliewalter.com\/index.php\/wp-json\/wp\/v2\/pages"}],"about":[{"href":"https:\/\/www.ameliewalter.com\/index.php\/wp-json\/wp\/v2\/types\/page"}],"author":[{"embeddable":true,"href":"https:\/\/www.ameliewalter.com\/index.php\/wp-json\/wp\/v2\/users\/1"}],"replies":[{"embeddable":true,"href":"https:\/\/www.ameliewalter.com\/index.php\/wp-json\/wp\/v2\/comments?post=1115"}],"version-history":[{"count":31,"href":"https:\/\/www.ameliewalter.com\/index.php\/wp-json\/wp\/v2\/pages\/1115\/revisions"}],"predecessor-version":[{"id":1254,"href":"https:\/\/www.ameliewalter.com\/index.php\/wp-json\/wp\/v2\/pages\/1115\/revisions\/1254"}],"wp:attachment":[{"href":"https:\/\/www.ameliewalter.com\/index.php\/wp-json\/wp\/v2\/media?parent=1115"}],"curies":[{"name":"wp","href":"https:\/\/api.w.org\/{rel}","templated":true}]}}