{"id":1195,"date":"2025-09-06T11:57:26","date_gmt":"2025-09-06T09:57:26","guid":{"rendered":"http:\/\/www.ameliewalter.com\/?page_id=1195"},"modified":"2026-01-25T18:39:33","modified_gmt":"2026-01-25T17:39:33","slug":"qui-suis-je","status":"publish","type":"page","link":"https:\/\/www.ameliewalter.com\/index.php\/qui-suis-je\/","title":{"rendered":"Qui suis-je?"},"content":{"rendered":"\n<div class=\"wp-block-media-text is-stacked-on-mobile\" style=\"grid-template-columns:22% auto\"><figure class=\"wp-block-media-text__media\"><img loading=\"lazy\" decoding=\"async\" width=\"777\" height=\"1024\" src=\"https:\/\/www.ameliewalter.com\/wp-content\/uploads\/2026\/01\/Screenshot_20260102_165445_Gallery-777x1024.jpg\" alt=\"\" class=\"wp-image-1299 size-full\" srcset=\"https:\/\/www.ameliewalter.com\/wp-content\/uploads\/2026\/01\/Screenshot_20260102_165445_Gallery-777x1024.jpg 777w, https:\/\/www.ameliewalter.com\/wp-content\/uploads\/2026\/01\/Screenshot_20260102_165445_Gallery-228x300.jpg 228w, https:\/\/www.ameliewalter.com\/wp-content\/uploads\/2026\/01\/Screenshot_20260102_165445_Gallery-768x1013.jpg 768w, https:\/\/www.ameliewalter.com\/wp-content\/uploads\/2026\/01\/Screenshot_20260102_165445_Gallery-1165x1536.jpg 1165w, https:\/\/www.ameliewalter.com\/wp-content\/uploads\/2026\/01\/Screenshot_20260102_165445_Gallery-1553x2048.jpg 1553w, https:\/\/www.ameliewalter.com\/wp-content\/uploads\/2026\/01\/Screenshot_20260102_165445_Gallery-scaled.jpg 1942w\" sizes=\"auto, (max-width: 777px) 100vw, 777px\" \/><\/figure><div class=\"wp-block-media-text__content\">\n<p>Mon chemin professionnel est guid\u00e9 par un double fil conducteur : la cr\u00e9ation et la transmission.<\/p>\n\n\n\n<p>Apr\u00e8s des \u00e9tudes en Histoire de l&rsquo;Art et en Ethnologie, qui m&rsquo;ont ouvert les yeux sur la richesse des cultures et des expressions humaines, j&rsquo;ai d&rsquo;abord explor\u00e9 ma cr\u00e9ativit\u00e9 en tant que verrier-perlier d&rsquo;art.<\/p>\n<\/div><\/div>\n\n\n\n<p>Durant une vingtaine d\u2019ann\u00e9es, je me suis passionn\u00e9e pour l\u2019exploration du verre au chalumeau et du fusing, une belle aventure qui m&rsquo;a permis de relever de nombreux d\u00e9fis techniques et artistiques. Ces ann\u00e9es ont \u00e9t\u00e9 jalonn\u00e9es de rencontres tr\u00e8s enrichissantes avec d&rsquo;autres artistes et de collaborations cr\u00e9atives. J&rsquo;ai aussi eu la joie de transmettre mon savoir-faire lors de stages dans mon atelier.<\/p>\n\n\n\n<p><br>Puis, une nouvelle voie s&rsquo;est ouverte. L&rsquo;envie d&rsquo;accompagner les personnes dans leur cheminement m&rsquo;a naturellement men\u00e9e vers la r\u00e9flexologie, un m\u00e9tier tout aussi manuel que j\u2019ai explor\u00e9 pendant une d\u00e9cennie. De la m\u00eame mani\u00e8re que la mati\u00e8re \u00e9volue sous l&rsquo;effet de la chaleur, les corps et les esprits se transforment par le toucher et l\u2019\u00e9coute. Je suis \u00e9merveill\u00e9e par la richesse du parcours de chacun et l&rsquo;incroyable capacit\u00e9 de l&rsquo;\u00eatre humain \u00e0 se transformer et \u00e0 faire preuve de r\u00e9silience.<\/p>\n\n\n\n<p><br>En parall\u00e8le, la nature est un pilier essentiel \u00e0 mon \u00e9quilibre. Elle m&rsquo;offre un espace de ressourcement, d\u2019\u00e9merveillement et une source d&rsquo;inspiration in\u00e9puisable.<\/p>\n\n\n\n<div class=\"wp-block-columns is-layout-flex wp-container-core-columns-is-layout-9d6595d7 wp-block-columns-is-layout-flex\">\n<div class=\"wp-block-column is-layout-flow wp-block-column-is-layout-flow\" style=\"flex-basis:100%\">\n<p><br>Aujourd&rsquo;hui, je fusionne ces exp\u00e9riences pour proposer une nouvelle approche, o\u00f9 l&rsquo;expression artistique, le soin et le monde vivant se rejoignent. Mes cr\u00e9ations et ateliers sont une invitation \u00e0 observer, ressentir et vous reconnecter \u00e0 votre nature profonde.<\/p>\n<\/div>\n<\/div>\n","protected":false},"excerpt":{"rendered":"<p>Mon chemin professionnel est guid\u00e9 par un double fil conducteur : la cr\u00e9ation et la transmission. Apr\u00e8s des \u00e9tudes en Histoire de l&rsquo;Art et en Ethnologie, qui m&rsquo;ont ouvert les yeux sur la richesse des cultures et des expressions humaines, j&rsquo;ai d&rsquo;abord explor\u00e9 ma cr\u00e9ativit\u00e9 en tant que verrier-perlier d&rsquo;art. Durant une vingtaine d\u2019ann\u00e9es, je &hellip; <a href=\"https:\/\/www.ameliewalter.com\/index.php\/qui-suis-je\/\" class=\"more-link\">Continuer la lecture de <span class=\"screen-reader-text\">Qui suis-je?<\/span><\/a><\/p>\n","protected":false},"author":1,"featured_media":0,"parent":0,"menu_order":0,"comment_status":"closed","ping_status":"closed","template":"","meta":{"footnotes":""},"class_list":["post-1195","page","type-page","status-publish","hentry"],"_links":{"self":[{"href":"https:\/\/www.ameliewalter.com\/index.php\/wp-json\/wp\/v2\/pages\/1195","targetHints":{"allow":["GET"]}}],"collection":[{"href":"https:\/\/www.ameliewalter.com\/index.php\/wp-json\/wp\/v2\/pages"}],"about":[{"href":"https:\/\/www.ameliewalter.com\/index.php\/wp-json\/wp\/v2\/types\/page"}],"author":[{"embeddable":true,"href":"https:\/\/www.ameliewalter.com\/index.php\/wp-json\/wp\/v2\/users\/1"}],"replies":[{"embeddable":true,"href":"https:\/\/www.ameliewalter.com\/index.php\/wp-json\/wp\/v2\/comments?post=1195"}],"version-history":[{"count":11,"href":"https:\/\/www.ameliewalter.com\/index.php\/wp-json\/wp\/v2\/pages\/1195\/revisions"}],"predecessor-version":[{"id":1391,"href":"https:\/\/www.ameliewalter.com\/index.php\/wp-json\/wp\/v2\/pages\/1195\/revisions\/1391"}],"wp:attachment":[{"href":"https:\/\/www.ameliewalter.com\/index.php\/wp-json\/wp\/v2\/media?parent=1195"}],"curies":[{"name":"wp","href":"https:\/\/api.w.org\/{rel}","templated":true}]}}