{"id":712,"date":"2024-05-16T14:53:14","date_gmt":"2024-05-16T12:53:14","guid":{"rendered":"http:\/\/www.ameliewalter.com\/?page_id=712"},"modified":"2026-01-25T18:58:49","modified_gmt":"2026-01-25T17:58:49","slug":"liens-recommandes","status":"publish","type":"page","link":"https:\/\/www.ameliewalter.com\/index.php\/liens-recommandes\/","title":{"rendered":"Liens"},"content":{"rendered":"\n<h6 class=\"wp-block-heading\">Mon compagnon, J\u00e9r\u00f4me CANNET, <span class=\"has-inline-color has-black-color\">musicien &amp; sonoth\u00e9rapeute magn\u00e9tiseur coupeur de fe<\/span>u<\/h6>\n\n\n\n<div class=\"wp-block-media-text is-stacked-on-mobile\" style=\"grid-template-columns:29% auto\"><figure class=\"wp-block-media-text__media\"><img loading=\"lazy\" decoding=\"async\" width=\"1024\" height=\"1024\" src=\"https:\/\/www.ameliewalter.com\/wp-content\/uploads\/2026\/01\/IMG-20250910-WA0003-1024x1024.jpg\" alt=\"\" class=\"wp-image-1327 size-full\" srcset=\"https:\/\/www.ameliewalter.com\/wp-content\/uploads\/2026\/01\/IMG-20250910-WA0003-1024x1024.jpg 1024w, https:\/\/www.ameliewalter.com\/wp-content\/uploads\/2026\/01\/IMG-20250910-WA0003-300x300.jpg 300w, https:\/\/www.ameliewalter.com\/wp-content\/uploads\/2026\/01\/IMG-20250910-WA0003-768x768.jpg 768w, https:\/\/www.ameliewalter.com\/wp-content\/uploads\/2026\/01\/IMG-20250910-WA0003-1536x1536.jpg 1536w, https:\/\/www.ameliewalter.com\/wp-content\/uploads\/2026\/01\/IMG-20250910-WA0003.jpg 1600w\" sizes=\"auto, (max-width: 1024px) 100vw, 1024px\" \/><\/figure><div class=\"wp-block-media-text__content\">\n<div class=\"wp-block-group\"><div class=\"wp-block-group__inner-container is-layout-constrained wp-block-group-is-layout-constrained\">\n<div class=\"wp-block-group is-vertical is-layout-flex wp-container-core-group-is-layout-8cf370e7 wp-block-group-is-layout-flex\">\n<p><em>\u00e0 20 min de Cluny, 30 min de M\u00e2con<\/em><\/p>\n\n\n\n<p>29 chemin de Fretay , Trades 69860 Deux-Grosnes <\/p>\n<\/div>\n<\/div><\/div>\n\n\n\n<div class=\"wp-block-group is-vertical is-layout-flex wp-container-core-group-is-layout-8cf370e7 wp-block-group-is-layout-flex\">\n<p>Renseignements et rendez-vous au 06 62 88 21 67<\/p>\n\n\n\n<p>www.jeromecannet.com\/<\/p>\n<\/div>\n<\/div><\/div>\n\n\n\n<h6 class=\"wp-block-heading\">Ma belle-fille, Louna Cannet, cr\u00e9atrice de bijoux artisanaux<\/h6>\n\n\n\n<div class=\"wp-block-media-text is-stacked-on-mobile\" style=\"grid-template-columns:30% auto\"><figure class=\"wp-block-media-text__media\"><img loading=\"lazy\" decoding=\"async\" width=\"751\" height=\"672\" src=\"https:\/\/www.ameliewalter.com\/wp-content\/uploads\/2026\/01\/Capture-decran-2025-11-19-a-11.18.26.png\" alt=\"\" class=\"wp-image-1318 size-full\" srcset=\"https:\/\/www.ameliewalter.com\/wp-content\/uploads\/2026\/01\/Capture-decran-2025-11-19-a-11.18.26.png 751w, https:\/\/www.ameliewalter.com\/wp-content\/uploads\/2026\/01\/Capture-decran-2025-11-19-a-11.18.26-335x300.png 335w\" sizes=\"auto, (max-width: 751px) 100vw, 751px\" \/><\/figure><div class=\"wp-block-media-text__content\">\n<p>Terre Vagabondart &#8211; Artisanat \u00c9coresponsable<\/p>\n\n\n\n<p>Bijoux upclycl\u00e9s, des pi\u00e8ces uniques en mat\u00e9riaux r\u00e9cup\u00e9r\u00e9s, alliant esth\u00e9tique et \u00e9thique.<\/p>\n\n\n\n<p>www.terrevagabondart.com<\/p>\n\n\n\n<p>On peut la retrouver sur Instagram \u00e0 la page @terre_vagabondart<\/p>\n<\/div><\/div>\n","protected":false},"excerpt":{"rendered":"<p>Mon compagnon, J\u00e9r\u00f4me CANNET, musicien &amp; sonoth\u00e9rapeute magn\u00e9tiseur coupeur de feu Ma belle-fille, Louna Cannet, cr\u00e9atrice de bijoux artisanaux Terre Vagabondart &#8211; Artisanat \u00c9coresponsable Bijoux upclycl\u00e9s, des pi\u00e8ces uniques en &hellip; <a href=\"https:\/\/www.ameliewalter.com\/index.php\/liens-recommandes\/\" class=\"more-link\">Continuer la lecture de <span class=\"screen-reader-text\">Liens<\/span><\/a><\/p>\n","protected":false},"author":1,"featured_media":0,"parent":0,"menu_order":0,"comment_status":"closed","ping_status":"closed","template":"","meta":{"footnotes":""},"class_list":["post-712","page","type-page","status-publish","hentry"],"_links":{"self":[{"href":"https:\/\/www.ameliewalter.com\/index.php\/wp-json\/wp\/v2\/pages\/712","targetHints":{"allow":["GET"]}}],"collection":[{"href":"https:\/\/www.ameliewalter.com\/index.php\/wp-json\/wp\/v2\/pages"}],"about":[{"href":"https:\/\/www.ameliewalter.com\/index.php\/wp-json\/wp\/v2\/types\/page"}],"author":[{"embeddable":true,"href":"https:\/\/www.ameliewalter.com\/index.php\/wp-json\/wp\/v2\/users\/1"}],"replies":[{"embeddable":true,"href":"https:\/\/www.ameliewalter.com\/index.php\/wp-json\/wp\/v2\/comments?post=712"}],"version-history":[{"count":17,"href":"https:\/\/www.ameliewalter.com\/index.php\/wp-json\/wp\/v2\/pages\/712\/revisions"}],"predecessor-version":[{"id":1328,"href":"https:\/\/www.ameliewalter.com\/index.php\/wp-json\/wp\/v2\/pages\/712\/revisions\/1328"}],"wp:attachment":[{"href":"https:\/\/www.ameliewalter.com\/index.php\/wp-json\/wp\/v2\/media?parent=712"}],"curies":[{"name":"wp","href":"https:\/\/api.w.org\/{rel}","templated":true}]}}