{"id":749,"date":"2024-11-08T16:41:17","date_gmt":"2024-11-08T15:41:17","guid":{"rendered":"http:\/\/www.ameliewalter.com\/?page_id=749"},"modified":"2026-01-25T18:01:58","modified_gmt":"2026-01-25T17:01:58","slug":"gravures","status":"publish","type":"page","link":"https:\/\/www.ameliewalter.com\/index.php\/gravures\/","title":{"rendered":"Gravures"},"content":{"rendered":"<div class=\"wp-block-image\">\n<figure class=\"alignleft size-large is-resized\"><img loading=\"lazy\" decoding=\"async\" width=\"1024\" height=\"1024\" src=\"https:\/\/www.ameliewalter.com\/wp-content\/uploads\/2025\/06\/gravure-4-1024x1024.jpg\" alt=\"\" class=\"wp-image-985\" style=\"width:146px;height:auto\" srcset=\"https:\/\/www.ameliewalter.com\/wp-content\/uploads\/2025\/06\/gravure-4-1024x1024.jpg 1024w, https:\/\/www.ameliewalter.com\/wp-content\/uploads\/2025\/06\/gravure-4-300x300.jpg 300w, https:\/\/www.ameliewalter.com\/wp-content\/uploads\/2025\/06\/gravure-4-150x150.jpg 150w, https:\/\/www.ameliewalter.com\/wp-content\/uploads\/2025\/06\/gravure-4-768x768.jpg 768w, https:\/\/www.ameliewalter.com\/wp-content\/uploads\/2025\/06\/gravure-4-1536x1536.jpg 1536w, https:\/\/www.ameliewalter.com\/wp-content\/uploads\/2025\/06\/gravure-4-2048x2048.jpg 2048w\" sizes=\"auto, (max-width: 1024px) 100vw, 1024px\" \/><\/figure>\n<\/div>\n\n\n<p class=\"has-text-align-left\"><strong>Le plaisir du geste, l\u2019improvisation &amp; l\u2019anticipation dans le m\u00eame temps, la surprise renouvel\u00e9e \u00e0 chaque tirage\u2026<\/strong><br>La gravure est un espace de libert\u00e9 o\u00f9 se conjuguent intuition et technique. \u00c0 chaque passage, l\u2019encre r\u00e9v\u00e8le ce qui se trame dans les creux. L&rsquo;impression d\u00e9voile toujours quelque chose de nouveau : une trace, un accident, une beaut\u00e9 impr\u00e9vue.<br>J\u2019aime ce processus \u00e0 la fois exigeant et instinctif, o\u00f9 chaque tirage est un original, avec ses l\u00e9g\u00e8res variations, ses imperfections, sa pr\u00e9sence particuli\u00e8re&#8230;<\/p>\n\n\n\n<figure class=\"wp-block-gallery has-nested-images columns-default is-cropped wp-block-gallery-1 is-layout-flex wp-block-gallery-is-layout-flex\">\n<figure class=\"wp-block-image size-large\"><img loading=\"lazy\" decoding=\"async\" width=\"1024\" height=\"979\" data-id=\"1101\" src=\"https:\/\/www.ameliewalter.com\/wp-content\/uploads\/2025\/08\/20250718_121657c-1024x979.jpg\" alt=\"\" class=\"wp-image-1101\" srcset=\"https:\/\/www.ameliewalter.com\/wp-content\/uploads\/2025\/08\/20250718_121657c-1024x979.jpg 1024w, https:\/\/www.ameliewalter.com\/wp-content\/uploads\/2025\/08\/20250718_121657c-300x287.jpg 300w, https:\/\/www.ameliewalter.com\/wp-content\/uploads\/2025\/08\/20250718_121657c-768x734.jpg 768w, https:\/\/www.ameliewalter.com\/wp-content\/uploads\/2025\/08\/20250718_121657c-1536x1469.jpg 1536w, https:\/\/www.ameliewalter.com\/wp-content\/uploads\/2025\/08\/20250718_121657c-2048x1959.jpg 2048w\" sizes=\"auto, (max-width: 1024px) 100vw, 1024px\" \/><\/figure>\n\n\n\n<figure class=\"wp-block-image size-large\"><img loading=\"lazy\" decoding=\"async\" width=\"2560\" height=\"2296\" data-id=\"1102\" src=\"https:\/\/www.ameliewalter.com\/wp-content\/uploads\/2025\/08\/20241227_103740-scaled.jpg\" alt=\"\" class=\"wp-image-1102\" srcset=\"https:\/\/www.ameliewalter.com\/wp-content\/uploads\/2025\/08\/20241227_103740-scaled.jpg 2560w, https:\/\/www.ameliewalter.com\/wp-content\/uploads\/2025\/08\/20241227_103740-300x269.jpg 300w\" sizes=\"auto, (max-width: 2560px) 100vw, 2560px\" \/><\/figure>\n\n\n\n<figure class=\"wp-block-image size-large\"><img loading=\"lazy\" decoding=\"async\" width=\"1024\" height=\"768\" data-id=\"1103\" src=\"https:\/\/www.ameliewalter.com\/wp-content\/uploads\/2025\/08\/20250718_111026b-1024x768.jpg\" alt=\"\" class=\"wp-image-1103\" srcset=\"https:\/\/www.ameliewalter.com\/wp-content\/uploads\/2025\/08\/20250718_111026b-1024x768.jpg 1024w, https:\/\/www.ameliewalter.com\/wp-content\/uploads\/2025\/08\/20250718_111026b-300x225.jpg 300w, https:\/\/www.ameliewalter.com\/wp-content\/uploads\/2025\/08\/20250718_111026b-768x576.jpg 768w, https:\/\/www.ameliewalter.com\/wp-content\/uploads\/2025\/08\/20250718_111026b-1536x1152.jpg 1536w, https:\/\/www.ameliewalter.com\/wp-content\/uploads\/2025\/08\/20250718_111026b-2048x1536.jpg 2048w\" sizes=\"auto, (max-width: 1024px) 100vw, 1024px\" \/><\/figure>\n\n\n\n<figure class=\"wp-block-image size-large\"><img loading=\"lazy\" decoding=\"async\" width=\"1024\" height=\"1024\" data-id=\"1104\" src=\"https:\/\/www.ameliewalter.com\/wp-content\/uploads\/2025\/08\/20241227_103806-1024x1024.jpg\" alt=\"\" class=\"wp-image-1104\" srcset=\"https:\/\/www.ameliewalter.com\/wp-content\/uploads\/2025\/08\/20241227_103806-1024x1024.jpg 1024w, https:\/\/www.ameliewalter.com\/wp-content\/uploads\/2025\/08\/20241227_103806-300x300.jpg 300w, https:\/\/www.ameliewalter.com\/wp-content\/uploads\/2025\/08\/20241227_103806-150x150.jpg 150w, https:\/\/www.ameliewalter.com\/wp-content\/uploads\/2025\/08\/20241227_103806-768x768.jpg 768w, https:\/\/www.ameliewalter.com\/wp-content\/uploads\/2025\/08\/20241227_103806-1536x1536.jpg 1536w, https:\/\/www.ameliewalter.com\/wp-content\/uploads\/2025\/08\/20241227_103806-2048x2048.jpg 2048w\" sizes=\"auto, (max-width: 1024px) 100vw, 1024px\" \/><\/figure>\n\n\n\n<figure class=\"wp-block-image size-large\"><img loading=\"lazy\" decoding=\"async\" width=\"1021\" height=\"1024\" data-id=\"862\" src=\"https:\/\/www.ameliewalter.com\/wp-content\/uploads\/2024\/12\/imgC-1-1021x1024.jpg\" alt=\"\" class=\"wp-image-862\" srcset=\"https:\/\/www.ameliewalter.com\/wp-content\/uploads\/2024\/12\/imgC-1-1021x1024.jpg 1021w, https:\/\/www.ameliewalter.com\/wp-content\/uploads\/2024\/12\/imgC-1-300x300.jpg 300w, https:\/\/www.ameliewalter.com\/wp-content\/uploads\/2024\/12\/imgC-1-150x150.jpg 150w, https:\/\/www.ameliewalter.com\/wp-content\/uploads\/2024\/12\/imgC-1-768x770.jpg 768w, https:\/\/www.ameliewalter.com\/wp-content\/uploads\/2024\/12\/imgC-1-1531x1536.jpg 1531w, https:\/\/www.ameliewalter.com\/wp-content\/uploads\/2024\/12\/imgC-1-2042x2048.jpg 2042w\" sizes=\"auto, (max-width: 1021px) 100vw, 1021px\" \/><\/figure>\n\n\n\n<figure class=\"wp-block-image size-large\"><img loading=\"lazy\" decoding=\"async\" width=\"1024\" height=\"768\" data-id=\"853\" src=\"https:\/\/www.ameliewalter.com\/wp-content\/uploads\/2024\/12\/img2-5-1024x768.jpg\" alt=\"\" class=\"wp-image-853\" srcset=\"https:\/\/www.ameliewalter.com\/wp-content\/uploads\/2024\/12\/img2-5-1024x768.jpg 1024w, https:\/\/www.ameliewalter.com\/wp-content\/uploads\/2024\/12\/img2-5-300x225.jpg 300w, https:\/\/www.ameliewalter.com\/wp-content\/uploads\/2024\/12\/img2-5-768x576.jpg 768w, https:\/\/www.ameliewalter.com\/wp-content\/uploads\/2024\/12\/img2-5-1536x1152.jpg 1536w, https:\/\/www.ameliewalter.com\/wp-content\/uploads\/2024\/12\/img2-5-2048x1536.jpg 2048w\" sizes=\"auto, (max-width: 1024px) 100vw, 1024px\" \/><\/figure>\n<\/figure>\n\n\n\n<div class=\"wp-block-columns is-layout-flex wp-container-core-columns-is-layout-9d6595d7 wp-block-columns-is-layout-flex\">\n<div class=\"wp-block-column is-layout-flow wp-block-column-is-layout-flow\" style=\"flex-basis:100%\"><div class=\"wp-block-image\">\n<figure class=\"alignleft size-large is-resized\"><img loading=\"lazy\" decoding=\"async\" width=\"634\" height=\"1024\" src=\"https:\/\/www.ameliewalter.com\/wp-content\/uploads\/2025\/06\/20250422_120002-1-634x1024.jpg\" alt=\"\" class=\"wp-image-1001\" style=\"width:137px;height:auto\" srcset=\"https:\/\/www.ameliewalter.com\/wp-content\/uploads\/2025\/06\/20250422_120002-1-634x1024.jpg 634w, https:\/\/www.ameliewalter.com\/wp-content\/uploads\/2025\/06\/20250422_120002-1-186x300.jpg 186w, https:\/\/www.ameliewalter.com\/wp-content\/uploads\/2025\/06\/20250422_120002-1-768x1240.jpg 768w, https:\/\/www.ameliewalter.com\/wp-content\/uploads\/2025\/06\/20250422_120002-1-951x1536.jpg 951w, https:\/\/www.ameliewalter.com\/wp-content\/uploads\/2025\/06\/20250422_120002-1-1268x2048.jpg 1268w, https:\/\/www.ameliewalter.com\/wp-content\/uploads\/2025\/06\/20250422_120002-1-scaled.jpg 1585w\" sizes=\"auto, (max-width: 634px) 100vw, 634px\" \/><\/figure>\n<\/div>\n\n\n<p><em><br>Je r\u00e9alise des linogravures originales, imprim\u00e9es \u00e0 la main en petite s\u00e9rie. Chaque tirage est unique. Les formats varient du petit au moyen format. Les \u0153uvres sont sign\u00e9es, num\u00e9rot\u00e9es.<br>Mon travail s\u2019inscrit dans une recherche autour du geste, du rythme et de la trace<\/em>.<\/p>\n<\/div>\n<\/div>\n\n\n\n<div class=\"wp-block-group\"><div class=\"wp-block-group__inner-container is-layout-constrained wp-block-group-is-layout-constrained\">\n<div class=\"wp-block-columns are-vertically-aligned-top is-layout-flex wp-container-core-columns-is-layout-9d6595d7 wp-block-columns-is-layout-flex\">\n<div class=\"wp-block-column is-vertically-aligned-top is-layout-flow wp-block-column-is-layout-flow\">\n<p class=\"has-text-align-center\">Am\u00e9lie Walter &#8211; 2025<\/p>\n<\/div>\n<\/div>\n<\/div><\/div>\n","protected":false},"excerpt":{"rendered":"<p>Le plaisir du geste, l\u2019improvisation &amp; l\u2019anticipation dans le m\u00eame temps, la surprise renouvel\u00e9e \u00e0 chaque tirage\u2026La gravure est un espace de libert\u00e9 o\u00f9 se conjuguent intuition et technique. \u00c0 &hellip; <a href=\"https:\/\/www.ameliewalter.com\/index.php\/gravures\/\" class=\"more-link\">Continuer la lecture de <span class=\"screen-reader-text\">Gravures<\/span><\/a><\/p>\n","protected":false},"author":1,"featured_media":0,"parent":0,"menu_order":0,"comment_status":"closed","ping_status":"closed","template":"","meta":{"footnotes":""},"class_list":["post-749","page","type-page","status-publish","hentry"],"_links":{"self":[{"href":"https:\/\/www.ameliewalter.com\/index.php\/wp-json\/wp\/v2\/pages\/749","targetHints":{"allow":["GET"]}}],"collection":[{"href":"https:\/\/www.ameliewalter.com\/index.php\/wp-json\/wp\/v2\/pages"}],"about":[{"href":"https:\/\/www.ameliewalter.com\/index.php\/wp-json\/wp\/v2\/types\/page"}],"author":[{"embeddable":true,"href":"https:\/\/www.ameliewalter.com\/index.php\/wp-json\/wp\/v2\/users\/1"}],"replies":[{"embeddable":true,"href":"https:\/\/www.ameliewalter.com\/index.php\/wp-json\/wp\/v2\/comments?post=749"}],"version-history":[{"count":42,"href":"https:\/\/www.ameliewalter.com\/index.php\/wp-json\/wp\/v2\/pages\/749\/revisions"}],"predecessor-version":[{"id":1296,"href":"https:\/\/www.ameliewalter.com\/index.php\/wp-json\/wp\/v2\/pages\/749\/revisions\/1296"}],"wp:attachment":[{"href":"https:\/\/www.ameliewalter.com\/index.php\/wp-json\/wp\/v2\/media?parent=749"}],"curies":[{"name":"wp","href":"https:\/\/api.w.org\/{rel}","templated":true}]}}