{"id":762,"date":"2024-11-13T14:13:58","date_gmt":"2024-11-13T13:13:58","guid":{"rendered":"http:\/\/www.ameliewalter.com\/?page_id=762"},"modified":"2026-04-05T16:06:51","modified_gmt":"2026-04-05T14:06:51","slug":"photographies","status":"publish","type":"page","link":"https:\/\/www.ameliewalter.com\/index.php\/photographies\/","title":{"rendered":"Photographies"},"content":{"rendered":"\n<div class=\"wp-block-group\"><div class=\"wp-block-group__inner-container is-layout-constrained wp-block-group-is-layout-constrained\">\n<h4 class=\"wp-block-heading\">Photographier des temps suspendus et la beaut\u00e9 discr\u00e8te de l&rsquo;instant.<\/h4>\n<\/div><\/div>\n\n\n\n<p>J\u2019aime la lumi\u00e8re, les textures, les rythmes, les couleurs.<\/p>\n\n\n\n<p>Le cadrage isole et r\u00e9v\u00e8le. Les lignes, les formes, les vides organisent l\u2019image et orientent le regard.<\/p>\n\n\n\n<figure class=\"wp-block-gallery has-nested-images columns-default is-cropped wp-block-gallery-1 is-layout-flex wp-block-gallery-is-layout-flex\">\n<figure class=\"wp-block-image size-large\"><img loading=\"lazy\" decoding=\"async\" width=\"1024\" height=\"1017\" data-id=\"960\" src=\"https:\/\/www.ameliewalter.com\/wp-content\/uploads\/2025\/06\/20241231_085109-1024x1017.jpg\" alt=\"\" class=\"wp-image-960\" srcset=\"https:\/\/www.ameliewalter.com\/wp-content\/uploads\/2025\/06\/20241231_085109-1024x1017.jpg 1024w, https:\/\/www.ameliewalter.com\/wp-content\/uploads\/2025\/06\/20241231_085109-300x298.jpg 300w, https:\/\/www.ameliewalter.com\/wp-content\/uploads\/2025\/06\/20241231_085109-150x150.jpg 150w, https:\/\/www.ameliewalter.com\/wp-content\/uploads\/2025\/06\/20241231_085109-768x763.jpg 768w, https:\/\/www.ameliewalter.com\/wp-content\/uploads\/2025\/06\/20241231_085109-1536x1525.jpg 1536w, https:\/\/www.ameliewalter.com\/wp-content\/uploads\/2025\/06\/20241231_085109-2048x2034.jpg 2048w\" sizes=\"auto, (max-width: 1024px) 100vw, 1024px\" \/><\/figure>\n\n\n\n<figure class=\"wp-block-image size-large\"><img loading=\"lazy\" decoding=\"async\" width=\"1015\" height=\"1024\" data-id=\"967\" src=\"https:\/\/www.ameliewalter.com\/wp-content\/uploads\/2025\/06\/20241231_172950-1015x1024.jpg\" alt=\"\" class=\"wp-image-967\" srcset=\"https:\/\/www.ameliewalter.com\/wp-content\/uploads\/2025\/06\/20241231_172950-1015x1024.jpg 1015w, https:\/\/www.ameliewalter.com\/wp-content\/uploads\/2025\/06\/20241231_172950-297x300.jpg 297w, https:\/\/www.ameliewalter.com\/wp-content\/uploads\/2025\/06\/20241231_172950-150x150.jpg 150w, https:\/\/www.ameliewalter.com\/wp-content\/uploads\/2025\/06\/20241231_172950-768x775.jpg 768w, https:\/\/www.ameliewalter.com\/wp-content\/uploads\/2025\/06\/20241231_172950-1522x1536.jpg 1522w, https:\/\/www.ameliewalter.com\/wp-content\/uploads\/2025\/06\/20241231_172950-2030x2048.jpg 2030w\" sizes=\"auto, (max-width: 1015px) 100vw, 1015px\" \/><\/figure>\n\n\n\n<figure class=\"wp-block-image size-large\"><img loading=\"lazy\" decoding=\"async\" width=\"1024\" height=\"768\" data-id=\"952\" src=\"https:\/\/www.ameliewalter.com\/wp-content\/uploads\/2025\/06\/20241018_175639-1024x768.jpg\" alt=\"\" class=\"wp-image-952\" srcset=\"https:\/\/www.ameliewalter.com\/wp-content\/uploads\/2025\/06\/20241018_175639-1024x768.jpg 1024w, https:\/\/www.ameliewalter.com\/wp-content\/uploads\/2025\/06\/20241018_175639-300x225.jpg 300w, https:\/\/www.ameliewalter.com\/wp-content\/uploads\/2025\/06\/20241018_175639-768x576.jpg 768w, https:\/\/www.ameliewalter.com\/wp-content\/uploads\/2025\/06\/20241018_175639-1536x1152.jpg 1536w, https:\/\/www.ameliewalter.com\/wp-content\/uploads\/2025\/06\/20241018_175639-2048x1536.jpg 2048w\" sizes=\"auto, (max-width: 1024px) 100vw, 1024px\" \/><\/figure>\n\n\n\n<figure class=\"wp-block-image size-large\"><img loading=\"lazy\" decoding=\"async\" width=\"1024\" height=\"768\" data-id=\"968\" src=\"https:\/\/www.ameliewalter.com\/wp-content\/uploads\/2025\/06\/20250511_063230-1024x768.jpg\" alt=\"\" class=\"wp-image-968\" srcset=\"https:\/\/www.ameliewalter.com\/wp-content\/uploads\/2025\/06\/20250511_063230-1024x768.jpg 1024w, https:\/\/www.ameliewalter.com\/wp-content\/uploads\/2025\/06\/20250511_063230-300x225.jpg 300w, https:\/\/www.ameliewalter.com\/wp-content\/uploads\/2025\/06\/20250511_063230-768x576.jpg 768w, https:\/\/www.ameliewalter.com\/wp-content\/uploads\/2025\/06\/20250511_063230-1536x1152.jpg 1536w, https:\/\/www.ameliewalter.com\/wp-content\/uploads\/2025\/06\/20250511_063230-2048x1536.jpg 2048w\" sizes=\"auto, (max-width: 1024px) 100vw, 1024px\" \/><\/figure>\n\n\n\n<figure class=\"wp-block-image size-full\"><img loading=\"lazy\" decoding=\"async\" width=\"512\" height=\"512\" data-id=\"956\" src=\"https:\/\/www.ameliewalter.com\/wp-content\/uploads\/2025\/06\/cropped-20241011_160241-scaled-1.jpg\" alt=\"\" class=\"wp-image-956\" srcset=\"https:\/\/www.ameliewalter.com\/wp-content\/uploads\/2025\/06\/cropped-20241011_160241-scaled-1.jpg 512w, https:\/\/www.ameliewalter.com\/wp-content\/uploads\/2025\/06\/cropped-20241011_160241-scaled-1-300x300.jpg 300w, https:\/\/www.ameliewalter.com\/wp-content\/uploads\/2025\/06\/cropped-20241011_160241-scaled-1-150x150.jpg 150w, https:\/\/www.ameliewalter.com\/wp-content\/uploads\/2025\/06\/cropped-20241011_160241-scaled-1-270x270.jpg 270w, https:\/\/www.ameliewalter.com\/wp-content\/uploads\/2025\/06\/cropped-20241011_160241-scaled-1-192x192.jpg 192w, https:\/\/www.ameliewalter.com\/wp-content\/uploads\/2025\/06\/cropped-20241011_160241-scaled-1-180x180.jpg 180w, https:\/\/www.ameliewalter.com\/wp-content\/uploads\/2025\/06\/cropped-20241011_160241-scaled-1-32x32.jpg 32w\" sizes=\"auto, (max-width: 512px) 100vw, 512px\" \/><\/figure>\n\n\n\n<figure class=\"wp-block-image size-large\"><img loading=\"lazy\" decoding=\"async\" width=\"1024\" height=\"1010\" data-id=\"971\" src=\"https:\/\/www.ameliewalter.com\/wp-content\/uploads\/2025\/06\/20250327_193425-1024x1010.jpg\" alt=\"\" class=\"wp-image-971\" srcset=\"https:\/\/www.ameliewalter.com\/wp-content\/uploads\/2025\/06\/20250327_193425-1024x1010.jpg 1024w, https:\/\/www.ameliewalter.com\/wp-content\/uploads\/2025\/06\/20250327_193425-300x296.jpg 300w, https:\/\/www.ameliewalter.com\/wp-content\/uploads\/2025\/06\/20250327_193425-768x757.jpg 768w, https:\/\/www.ameliewalter.com\/wp-content\/uploads\/2025\/06\/20250327_193425-1536x1515.jpg 1536w, https:\/\/www.ameliewalter.com\/wp-content\/uploads\/2025\/06\/20250327_193425-2048x2020.jpg 2048w\" sizes=\"auto, (max-width: 1024px) 100vw, 1024px\" \/><\/figure>\n\n\n\n<figure class=\"wp-block-image size-large\"><img loading=\"lazy\" decoding=\"async\" width=\"1024\" height=\"993\" data-id=\"950\" src=\"https:\/\/www.ameliewalter.com\/wp-content\/uploads\/2025\/06\/20241011_160624-1024x993.jpg\" alt=\"\" class=\"wp-image-950\" srcset=\"https:\/\/www.ameliewalter.com\/wp-content\/uploads\/2025\/06\/20241011_160624-1024x993.jpg 1024w, https:\/\/www.ameliewalter.com\/wp-content\/uploads\/2025\/06\/20241011_160624-300x291.jpg 300w, https:\/\/www.ameliewalter.com\/wp-content\/uploads\/2025\/06\/20241011_160624-768x744.jpg 768w, https:\/\/www.ameliewalter.com\/wp-content\/uploads\/2025\/06\/20241011_160624-1536x1489.jpg 1536w, https:\/\/www.ameliewalter.com\/wp-content\/uploads\/2025\/06\/20241011_160624-2048x1985.jpg 2048w\" sizes=\"auto, (max-width: 1024px) 100vw, 1024px\" \/><\/figure>\n\n\n\n<figure class=\"wp-block-image size-large\"><img loading=\"lazy\" decoding=\"async\" width=\"1014\" height=\"1024\" data-id=\"948\" src=\"https:\/\/www.ameliewalter.com\/wp-content\/uploads\/2025\/06\/20241127_171618-1014x1024.jpg\" alt=\"\" class=\"wp-image-948\" srcset=\"https:\/\/www.ameliewalter.com\/wp-content\/uploads\/2025\/06\/20241127_171618-1014x1024.jpg 1014w, https:\/\/www.ameliewalter.com\/wp-content\/uploads\/2025\/06\/20241127_171618-297x300.jpg 297w, https:\/\/www.ameliewalter.com\/wp-content\/uploads\/2025\/06\/20241127_171618-150x150.jpg 150w, https:\/\/www.ameliewalter.com\/wp-content\/uploads\/2025\/06\/20241127_171618-768x776.jpg 768w, https:\/\/www.ameliewalter.com\/wp-content\/uploads\/2025\/06\/20241127_171618-1521x1536.jpg 1521w, https:\/\/www.ameliewalter.com\/wp-content\/uploads\/2025\/06\/20241127_171618-2028x2048.jpg 2028w\" sizes=\"auto, (max-width: 1014px) 100vw, 1014px\" \/><\/figure>\n\n\n\n<figure class=\"wp-block-image size-large\"><img loading=\"lazy\" decoding=\"async\" width=\"791\" height=\"1024\" data-id=\"946\" src=\"https:\/\/www.ameliewalter.com\/wp-content\/uploads\/2025\/06\/20241005_112645-791x1024.jpg\" alt=\"\" class=\"wp-image-946\" srcset=\"https:\/\/www.ameliewalter.com\/wp-content\/uploads\/2025\/06\/20241005_112645-791x1024.jpg 791w, https:\/\/www.ameliewalter.com\/wp-content\/uploads\/2025\/06\/20241005_112645-232x300.jpg 232w, https:\/\/www.ameliewalter.com\/wp-content\/uploads\/2025\/06\/20241005_112645-768x994.jpg 768w, https:\/\/www.ameliewalter.com\/wp-content\/uploads\/2025\/06\/20241005_112645-1187x1536.jpg 1187w, https:\/\/www.ameliewalter.com\/wp-content\/uploads\/2025\/06\/20241005_112645-1582x2048.jpg 1582w, https:\/\/www.ameliewalter.com\/wp-content\/uploads\/2025\/06\/20241005_112645-scaled.jpg 1978w\" sizes=\"auto, (max-width: 791px) 100vw, 791px\" \/><\/figure>\n<\/figure>\n\n\n\n<p><\/p>\n\n\n\n<figure class=\"wp-block-gallery has-nested-images columns-default is-cropped wp-block-gallery-2 is-layout-flex wp-block-gallery-is-layout-flex\">\n<figure class=\"wp-block-image size-large\"><img loading=\"lazy\" decoding=\"async\" width=\"722\" height=\"711\" data-id=\"1376\" src=\"https:\/\/www.ameliewalter.com\/wp-content\/uploads\/2026\/03\/Capture-decran-2026-03-28-a-10.42.18.png\" alt=\"\" class=\"wp-image-1376\" srcset=\"https:\/\/www.ameliewalter.com\/wp-content\/uploads\/2026\/03\/Capture-decran-2026-03-28-a-10.42.18.png 722w, https:\/\/www.ameliewalter.com\/wp-content\/uploads\/2026\/03\/Capture-decran-2026-03-28-a-10.42.18-305x300.png 305w\" sizes=\"auto, (max-width: 722px) 100vw, 722px\" \/><\/figure>\n\n\n\n<figure class=\"wp-block-image size-large\"><img loading=\"lazy\" decoding=\"async\" width=\"742\" height=\"711\" data-id=\"1383\" src=\"https:\/\/www.ameliewalter.com\/wp-content\/uploads\/2026\/03\/Capture-decran-2026-03-28-a-10.43.01-1.png\" alt=\"\" class=\"wp-image-1383\" srcset=\"https:\/\/www.ameliewalter.com\/wp-content\/uploads\/2026\/03\/Capture-decran-2026-03-28-a-10.43.01-1.png 742w, https:\/\/www.ameliewalter.com\/wp-content\/uploads\/2026\/03\/Capture-decran-2026-03-28-a-10.43.01-1-313x300.png 313w\" sizes=\"auto, (max-width: 742px) 100vw, 742px\" \/><\/figure>\n\n\n\n<figure class=\"wp-block-image size-large\"><img loading=\"lazy\" decoding=\"async\" width=\"705\" height=\"709\" data-id=\"1379\" src=\"https:\/\/www.ameliewalter.com\/wp-content\/uploads\/2026\/03\/Capture-decran-2026-03-28-a-10.42.46.png\" alt=\"\" class=\"wp-image-1379\" srcset=\"https:\/\/www.ameliewalter.com\/wp-content\/uploads\/2026\/03\/Capture-decran-2026-03-28-a-10.42.46.png 705w, https:\/\/www.ameliewalter.com\/wp-content\/uploads\/2026\/03\/Capture-decran-2026-03-28-a-10.42.46-298x300.png 298w\" sizes=\"auto, (max-width: 705px) 100vw, 705px\" \/><\/figure>\n<\/figure>\n\n\n\n<p><\/p>\n\n\n\n<figure class=\"wp-block-gallery has-nested-images columns-default is-cropped wp-block-gallery-3 is-layout-flex wp-block-gallery-is-layout-flex\">\n<figure class=\"wp-block-image size-large\"><img loading=\"lazy\" decoding=\"async\" width=\"393\" height=\"713\" data-id=\"1401\" src=\"https:\/\/www.ameliewalter.com\/wp-content\/uploads\/2026\/03\/Capture-decran-2026-03-31-a-10.25.08.png\" alt=\"\" class=\"wp-image-1401\" srcset=\"https:\/\/www.ameliewalter.com\/wp-content\/uploads\/2026\/03\/Capture-decran-2026-03-31-a-10.25.08.png 393w, https:\/\/www.ameliewalter.com\/wp-content\/uploads\/2026\/03\/Capture-decran-2026-03-31-a-10.25.08-165x300.png 165w\" sizes=\"auto, (max-width: 393px) 100vw, 393px\" \/><\/figure>\n\n\n\n<figure class=\"wp-block-image size-large\"><img loading=\"lazy\" decoding=\"async\" width=\"398\" height=\"707\" data-id=\"1400\" src=\"https:\/\/www.ameliewalter.com\/wp-content\/uploads\/2026\/03\/Capture-decran-2026-03-28-a-10.43.13-2.png\" alt=\"\" class=\"wp-image-1400\" srcset=\"https:\/\/www.ameliewalter.com\/wp-content\/uploads\/2026\/03\/Capture-decran-2026-03-28-a-10.43.13-2.png 398w, https:\/\/www.ameliewalter.com\/wp-content\/uploads\/2026\/03\/Capture-decran-2026-03-28-a-10.43.13-2-169x300.png 169w\" sizes=\"auto, (max-width: 398px) 100vw, 398px\" \/><\/figure>\n<\/figure>\n\n\n\n<p><\/p>\n","protected":false},"excerpt":{"rendered":"<p>Photographier des temps suspendus et la beaut\u00e9 discr\u00e8te de l&rsquo;instant. J\u2019aime la lumi\u00e8re, les textures, les rythmes, les couleurs. Le cadrage isole et r\u00e9v\u00e8le. Les lignes, les formes, les vides &hellip; <a href=\"https:\/\/www.ameliewalter.com\/index.php\/photographies\/\" class=\"more-link\">Continuer la lecture de <span class=\"screen-reader-text\">Photographies<\/span><\/a><\/p>\n","protected":false},"author":1,"featured_media":0,"parent":0,"menu_order":0,"comment_status":"closed","ping_status":"closed","template":"","meta":{"footnotes":""},"class_list":["post-762","page","type-page","status-publish","hentry"],"_links":{"self":[{"href":"https:\/\/www.ameliewalter.com\/index.php\/wp-json\/wp\/v2\/pages\/762","targetHints":{"allow":["GET"]}}],"collection":[{"href":"https:\/\/www.ameliewalter.com\/index.php\/wp-json\/wp\/v2\/pages"}],"about":[{"href":"https:\/\/www.ameliewalter.com\/index.php\/wp-json\/wp\/v2\/types\/page"}],"author":[{"embeddable":true,"href":"https:\/\/www.ameliewalter.com\/index.php\/wp-json\/wp\/v2\/users\/1"}],"replies":[{"embeddable":true,"href":"https:\/\/www.ameliewalter.com\/index.php\/wp-json\/wp\/v2\/comments?post=762"}],"version-history":[{"count":23,"href":"https:\/\/www.ameliewalter.com\/index.php\/wp-json\/wp\/v2\/pages\/762\/revisions"}],"predecessor-version":[{"id":1429,"href":"https:\/\/www.ameliewalter.com\/index.php\/wp-json\/wp\/v2\/pages\/762\/revisions\/1429"}],"wp:attachment":[{"href":"https:\/\/www.ameliewalter.com\/index.php\/wp-json\/wp\/v2\/media?parent=762"}],"curies":[{"name":"wp","href":"https:\/\/api.w.org\/{rel}","templated":true}]}}