{"id":787,"date":"2024-11-20T08:43:22","date_gmt":"2024-11-20T07:43:22","guid":{"rendered":"http:\/\/www.ameliewalter.com\/?page_id=787"},"modified":"2026-04-04T11:46:38","modified_gmt":"2026-04-04T09:46:38","slug":"bienvenu-e-dans-mon-univers","status":"publish","type":"page","link":"https:\/\/www.ameliewalter.com\/","title":{"rendered":"Accueil\u00a0"},"content":{"rendered":"\n<p class=\"has-text-align-left\">Bienvenu-e-s dans mon univers!&nbsp;<\/p>\n\n\n\n<p class=\"has-text-align-left\">\u00c0 travers la peinture, la gravure, le dessin, la photographie et des ateliers, je vous invite \u00e0 prendre le temps d\u2019observer et de ressentir&#8230; C&rsquo;est une invitation \u00e0 ralentir, contempler, s\u2019\u00e9mouvoir, et \u00e0 red\u00e9couvrir les petites beaut\u00e9s cach\u00e9es dans la nature et dans la vie de tous les jours .<\/p>\n\n\n<div class=\"wp-block-image\">\n<figure class=\"aligncenter size-large is-resized\"><img loading=\"lazy\" decoding=\"async\" width=\"1017\" height=\"1024\" src=\"https:\/\/www.ameliewalter.com\/wp-content\/uploads\/2025\/06\/20241127_171637-1-1017x1024.jpg\" alt=\"\" class=\"wp-image-947\" style=\"width:307px;height:auto\" srcset=\"https:\/\/www.ameliewalter.com\/wp-content\/uploads\/2025\/06\/20241127_171637-1-1017x1024.jpg 1017w, https:\/\/www.ameliewalter.com\/wp-content\/uploads\/2025\/06\/20241127_171637-1-298x300.jpg 298w, https:\/\/www.ameliewalter.com\/wp-content\/uploads\/2025\/06\/20241127_171637-1-150x150.jpg 150w, https:\/\/www.ameliewalter.com\/wp-content\/uploads\/2025\/06\/20241127_171637-1-768x773.jpg 768w, https:\/\/www.ameliewalter.com\/wp-content\/uploads\/2025\/06\/20241127_171637-1-1525x1536.jpg 1525w, https:\/\/www.ameliewalter.com\/wp-content\/uploads\/2025\/06\/20241127_171637-1-2034x2048.jpg 2034w\" sizes=\"auto, (max-width: 1017px) 100vw, 1017px\" \/><\/figure>\n<\/div>","protected":false},"excerpt":{"rendered":"<p>Bienvenu-e-s dans mon univers!&nbsp; \u00c0 travers la peinture, la gravure, le dessin, la photographie et des ateliers, je vous invite \u00e0 prendre le temps d\u2019observer et de ressentir&#8230; C&rsquo;est une &hellip; <a href=\"https:\/\/www.ameliewalter.com\/\" class=\"more-link\">Continuer la lecture de <span class=\"screen-reader-text\">Accueil\u00a0<\/span><\/a><\/p>\n","protected":false},"author":1,"featured_media":0,"parent":0,"menu_order":0,"comment_status":"closed","ping_status":"closed","template":"","meta":{"footnotes":""},"class_list":["post-787","page","type-page","status-publish","hentry"],"_links":{"self":[{"href":"https:\/\/www.ameliewalter.com\/index.php\/wp-json\/wp\/v2\/pages\/787","targetHints":{"allow":["GET"]}}],"collection":[{"href":"https:\/\/www.ameliewalter.com\/index.php\/wp-json\/wp\/v2\/pages"}],"about":[{"href":"https:\/\/www.ameliewalter.com\/index.php\/wp-json\/wp\/v2\/types\/page"}],"author":[{"embeddable":true,"href":"https:\/\/www.ameliewalter.com\/index.php\/wp-json\/wp\/v2\/users\/1"}],"replies":[{"embeddable":true,"href":"https:\/\/www.ameliewalter.com\/index.php\/wp-json\/wp\/v2\/comments?post=787"}],"version-history":[{"count":50,"href":"https:\/\/www.ameliewalter.com\/index.php\/wp-json\/wp\/v2\/pages\/787\/revisions"}],"predecessor-version":[{"id":1407,"href":"https:\/\/www.ameliewalter.com\/index.php\/wp-json\/wp\/v2\/pages\/787\/revisions\/1407"}],"wp:attachment":[{"href":"https:\/\/www.ameliewalter.com\/index.php\/wp-json\/wp\/v2\/media?parent=787"}],"curies":[{"name":"wp","href":"https:\/\/api.w.org\/{rel}","templated":true}]}}